{"id":15078,"date":"2025-06-18T21:31:41","date_gmt":"2025-06-18T19:31:41","guid":{"rendered":"https:\/\/www.albacio.it\/?page_id=15078"},"modified":"2025-06-18T21:32:41","modified_gmt":"2025-06-18T19:32:41","slug":"cookie","status":"publish","type":"page","link":"https:\/\/www.albacio.it\/it\/cookie\/","title":{"rendered":"Cookie Policy"},"content":{"rendered":"<h2 class=\"wp-block-heading\">Che cosa sono i cookie?<\/h2>\r\n<!-- \/wp:post-content -->\r\n\r\n<!-- wp:paragraph -->\r\n<p>Un&nbsp;cookie&nbsp;\u00e8 un file di testo che i siti Web inviano al computer o a un altro dispositivo connesso a Internet del visitatore per identificare univocamente il browser del visitatore stesso o per salvare informazioni o impostazioni nel browser.<\/p>\r\n<!-- \/wp:paragraph -->\r\n\r\n<!-- wp:heading -->\r\n<h2 class=\"wp-block-heading\">albacio.it utilizza i cookie nei propri siti Web?<\/h2>\r\n<!-- \/wp:heading -->\r\n\r\n<!-- wp:paragraph -->\r\n<p>\u200bS\u00ec, albacio.it utilizza i cookie per migliorare il proprio sito Web e per fornire servizi e funzionalit\u00e0 agli utenti. \u00c8 possibile limitare o disattivare l\u2019utilizzo dei cookie tramite il proprio browser Web. Tuttavia, in questo caso alcune funzionalit\u00e0 dei siti Web potrebbero diventare inaccessibili.<\/p>\r\n<!-- \/wp:paragraph -->\r\n\r\n<!-- wp:heading -->\r\n<h2 class=\"wp-block-heading\">Quali tipi di cookie sono utilizzati nel sito web albacio.it?<\/h2>\r\n<!-- \/wp:heading -->\r\n\r\n<!-- wp:heading {\"level\":4} -->\r\n<h4 class=\"wp-block-heading\">\u200bCookie funzionali<\/h4>\r\n<!-- \/wp:heading -->\r\n\r\n<!-- wp:paragraph -->\r\n<p>Questi cookie consentono al sito Web di ricordare le scelte effettuate dall\u2019utente al fine di ottimizzare le funzionalit\u00e0. Ad esempio, i cookie funzionali consentono al sito Web di ricordare le impostazioni specifiche di un utente, come la selezione del paese e, se impostato, lo stato di accesso permanente.<\/p>\r\n<!-- \/wp:paragraph -->\r\n\r\n<!-- wp:heading {\"level\":4} -->\r\n<h4 class=\"wp-block-heading\">Cookie analitici<\/h4>\r\n<!-- \/wp:heading -->\r\n\r\n<!-- wp:paragraph -->\r\n<p>Questi cookie consentono di raccogliere dati sull\u2019utilizzo del sito Web da parte dell\u2019utente, compresi gli elementi su cui si fa clic durante la navigazione, al fine di migliorare le prestazioni e il design del sito stesso. Potrebbero essere condivisi con i nostri fornitori di strumenti di analisi terzi. Tuttavia, sono utilizzati esclusivamente per le finalit\u00e0 correlate ai nostri siti Web.<\/p>\r\n<!-- \/wp:paragraph -->\r\n\r\n<!-- wp:heading {\"level\":4} -->\r\n<h4 class=\"wp-block-heading\">Cookie di targeting<\/h4>\r\n<!-- \/wp:heading -->\r\n\r\n<!-- wp:paragraph -->\r\n<p>Questi cookie ricordano le informazioni sull\u2019utilizzo del sito Web da parte dell\u2019utente in modo da consentirci di fornire informazioni mirate sul sito stesso.<\/p>\r\n<!-- \/wp:paragraph -->\r\n\r\n<!-- wp:heading -->\r\n<h2 class=\"wp-block-heading\">Titolare del Trattamento dei Dati<\/h2>\r\n<!-- \/wp:heading -->\r\n\r\n<!-- wp:paragraph -->\r\n<p>albacio.it<\/p>\r\n<!-- \/wp:paragraph -->\r\n\r\n<!-- wp:paragraph -->\r\n<p>Dal momento che l\u2019installazione di cookie e di altri sistemi di tracciamento operata da terze parti tramite i servizi utilizzati all\u2019interno di questa Applicazione non pu\u00f2 essere tecnicamente controllata dal Titolare, ogni riferimento specifico a cookie e sistemi di tracciamento installati da terze parti \u00e8 da considerarsi indicativo. Per ottenere informazioni complete, consulta la privacy policy degli eventuali servizi terzi elencati in questo documento.<\/p>\r\n<!-- \/wp:paragraph -->\r\n\r\n<!-- wp:paragraph -->\r\n<p>Vista l\u2019oggettiva complessit\u00e0 legata all\u2019identificazione delle tecnologie basate sui Cookie ed alla loro integrazione molto stretta con il funzionamento del web, l\u2019Utente \u00e8 invitato a contattare il Titolare qualora volesse ricevere qualunque approfondimento relativo all\u2019utilizzo dei Cookie stessi e ad eventuali utilizzi degli stessi \u2013 ad esempio ad opera di terzi \u2013 effettuati tramite questo sito.<\/p>\r\n<!-- \/wp:paragraph -->\r\n\r\n<!-- wp:heading -->\r\n<h2 class=\"wp-block-heading\">Come si disattivano o si rimuovono i cookie?<\/h2>\r\n<!-- \/wp:heading -->\r\n\r\n<!-- wp:paragraph -->\r\n<p>\u200bOgni browser Web consente di limitare ed eliminare i cookie. Per maggiori informazioni sulla gestione dei cookie, consultare il link pertinente indicato di seguito.<\/p>\r\n<!-- \/wp:paragraph -->\r\n\r\n<!-- wp:list -->\r\n<ul>\r\n<li style=\"list-style-type: none;\">\r\n<ul><!-- wp:list-item -->\r\n<li><a href=\"http:\/\/windows.microsoft.com\/en-GB\/windows7\/How-to-manage-cookies-in-Internet-Explorer-9\" target=\"_blank\" rel=\"noreferrer noopener\">Internet Explorer<\/a><\/li>\r\n<\/ul>\r\n<\/li>\r\n<\/ul>\r\n<!-- \/wp:list-item -->\r\n\r\n<!-- wp:list-item -->\r\n<ul>\r\n<li style=\"list-style-type: none;\">\r\n<ul>\r\n<li><a href=\"http:\/\/support.mozilla.org\/en-US\/kb\/cookies-information-websites-store-on-your-computer?redirectlocale=en-US&amp;redirectslug=Cookies\" target=\"_blank\" rel=\"noreferrer noopener\">Firefox<\/a><\/li>\r\n<\/ul>\r\n<\/li>\r\n<\/ul>\r\n<!-- \/wp:list-item -->\r\n\r\n<!-- wp:list-item -->\r\n<ul>\r\n<li style=\"list-style-type: none;\">\r\n<ul>\r\n<li><a href=\"http:\/\/support.google.com\/chrome\/bin\/answer.py?hl=en&amp;answer=95647\" target=\"_blank\" rel=\"noreferrer noopener\">Google Chrome<\/a><\/li>\r\n<\/ul>\r\n<\/li>\r\n<\/ul>\r\n<!-- \/wp:list-item -->\r\n\r\n<!-- wp:list-item -->\r\n<ul>\r\n<li style=\"list-style-type: none;\">\r\n<ul>\r\n<li><a href=\"http:\/\/support.apple.com\/kb\/PH5042\" target=\"_blank\" rel=\"noreferrer noopener\">Safari<\/a><\/li>\r\n<\/ul>\r\n<\/li>\r\n<\/ul><!-- \/wp:list-item -->","protected":false},"excerpt":{"rendered":"<p>Che cosa sono i cookie? Un&nbsp;cookie&nbsp;\u00e8 un file di testo che i siti Web inviano al computer o a un altro dispositivo connesso a Internet del visitatore per identificare univocamente il browser del visitatore stesso o per salvare informazioni o impostazioni nel browser. albacio.it utilizza i cookie nei propri siti Web? \u200bS\u00ec, albacio.it utilizza i cookie per migliorare il proprio sito Web e per fornire servizi e funzionalit\u00e0 agli utenti. \u00c8 possibile limitare o disattivare l\u2019utilizzo dei cookie tramite il proprio browser Web. Tuttavia, in questo caso alcune funzionalit\u00e0 dei siti Web potrebbero diventare inaccessibili. Quali tipi di cookie sono utilizzati nel sito web albacio.it? \u200bCookie funzionali Questi cookie consentono al sito Web di ricordare le scelte effettuate dall\u2019utente al fine di ottimizzare le funzionalit\u00e0. Ad esempio, i cookie funzionali consentono al sito Web di ricordare le impostazioni specifiche di un utente, come la selezione del paese e, se impostato, lo stato di accesso permanente. Cookie analitici Questi cookie consentono di raccogliere dati sull\u2019utilizzo del sito Web da parte dell\u2019utente, compresi gli elementi su cui si fa clic durante la navigazione, al fine di migliorare le prestazioni e il design del sito stesso. Potrebbero essere condivisi con i nostri fornitori di strumenti di analisi terzi. Tuttavia, sono utilizzati esclusivamente per le finalit\u00e0 correlate ai nostri siti Web. Cookie di targeting Questi cookie ricordano le informazioni sull\u2019utilizzo del sito Web da parte dell\u2019utente in modo da consentirci di fornire informazioni mirate sul sito stesso. Titolare del Trattamento dei Dati albacio.it Dal momento che l\u2019installazione di cookie e di altri sistemi di tracciamento operata da terze parti tramite i servizi utilizzati all\u2019interno di questa Applicazione non pu\u00f2 essere tecnicamente controllata dal Titolare, ogni riferimento specifico a cookie e sistemi di tracciamento installati da terze parti \u00e8 da considerarsi indicativo. Per ottenere informazioni complete, consulta la privacy policy degli eventuali servizi terzi elencati in questo documento. Vista l\u2019oggettiva complessit\u00e0 legata all\u2019identificazione delle tecnologie basate sui Cookie ed alla loro integrazione molto stretta con il funzionamento del web, l\u2019Utente \u00e8 invitato a contattare il Titolare qualora volesse ricevere qualunque approfondimento relativo all\u2019utilizzo dei Cookie stessi e ad eventuali utilizzi degli stessi \u2013 ad esempio ad opera di terzi \u2013 effettuati tramite questo sito. Come si disattivano o si rimuovono i cookie? \u200bOgni browser Web consente di limitare ed eliminare i cookie. Per maggiori informazioni sulla gestione dei cookie, consultare il link pertinente indicato di seguito. Internet Explorer Firefox Google Chrome Safari<\/p>\n","protected":false},"author":16,"featured_media":0,"parent":0,"menu_order":0,"comment_status":"closed","ping_status":"closed","template":"","meta":{"footnotes":""},"class_list":["post-15078","page","type-page","status-publish","hentry"],"_links":{"self":[{"href":"https:\/\/www.albacio.it\/it\/wp-json\/wp\/v2\/pages\/15078","targetHints":{"allow":["GET"]}}],"collection":[{"href":"https:\/\/www.albacio.it\/it\/wp-json\/wp\/v2\/pages"}],"about":[{"href":"https:\/\/www.albacio.it\/it\/wp-json\/wp\/v2\/types\/page"}],"author":[{"embeddable":true,"href":"https:\/\/www.albacio.it\/it\/wp-json\/wp\/v2\/users\/16"}],"replies":[{"embeddable":true,"href":"https:\/\/www.albacio.it\/it\/wp-json\/wp\/v2\/comments?post=15078"}],"version-history":[{"count":0,"href":"https:\/\/www.albacio.it\/it\/wp-json\/wp\/v2\/pages\/15078\/revisions"}],"wp:attachment":[{"href":"https:\/\/www.albacio.it\/it\/wp-json\/wp\/v2\/media?parent=15078"}],"curies":[{"name":"wp","href":"https:\/\/api.w.org\/{rel}","templated":true}]}}