{"id":15081,"date":"2025-06-18T21:35:43","date_gmt":"2025-06-18T19:35:43","guid":{"rendered":"https:\/\/www.albacio.it\/?page_id=15081"},"modified":"2025-06-18T21:35:43","modified_gmt":"2025-06-18T19:35:43","slug":"italiano-privacy-policy","status":"publish","type":"page","link":"https:\/\/www.albacio.it\/it\/italiano-privacy-policy\/","title":{"rendered":"Privacy Policy"},"content":{"rendered":"<p><\/p>\n<h2>Titolare del Trattamento dei Dati<\/h2>\n<p>Gigraf &#8211; Via Fraccaroli 5, 20134 Milano (Italia)&nbsp;<b>Indirizzo email del Titolare:<\/b> info@gelmini.it<\/p>\n<h2>Tipologie di Dati raccolti<\/h2>\n<p>Fra i Dati Personali raccolti da questa Applicazione, in modo autonomo o tramite terze parti, ci sono: Cookie, Dati di utilizzo, nome, email. Dettagli completi su ciascuna tipologia di dati raccolti sono forniti nelle sezioni dedicate di questa privacy policy.<\/p>\n<h4>Trattamento<\/h4>\n<p>I Dati Personali possono essere liberamente forniti dall&#8217;Utente o raccolti automaticamente durante l&#8217;uso di questa Applicazione, nel caso di Dati di Utilizzo. Se non diversamente specificato, tutti i Dati richiesti da questa Applicazione sono obbligatori. Se l\u2019Utente rifiuta di comunicarli, potrebbe essere impossibile per questa Applicazione fornire il Servizio. Gli Utenti sono liberi di astenersi dal comunicare Dati facoltativi, senza che ci\u00f2 abbia alcuna conseguenza sulla disponibilit\u00e0 del Servizio o sulla sua operativit\u00e0.<br \/>\nL\u2019utilizzo di Cookie da parte di questa Applicazione ha la finalit\u00e0 di fornire il Servizio richiesto dall&#8217;Utente, come descritto nella Cookie Policy.<br \/>\nL&#8217;Utente si assume la responsabilit\u00e0 dei Dati Personali di terzi ottenuti, pubblicati o condivisi mediante questa Applicazione e garantisce di avere il diritto di comunicarli o diffonderli, liberando il Titolare da qualsiasi responsabilit\u00e0 verso terzi.<\/p>\n<h2>Modalit\u00e0 e luogo del trattamento dei Dati raccolti<\/h2>\n<h4>Modalit\u00e0 di trattamento<\/h4>\n<p>Il Titolare adotta le opportune misure di sicurezza volte ad impedire l\u2019accesso, la divulgazione, la modifica o la distruzione non autorizzate dei Dati Personali. Il trattamento viene effettuato mediante strumenti informatici e\/o telematici, con modalit\u00e0 organizzative e con logiche strettamente correlate alle finalit\u00e0 indicate. Oltre al Titolare, in alcuni casi, potrebbero avere accesso ai Dati altri soggetti coinvolti nell\u2019organizzazione di questa Applicazione (personale amministrativo, commerciale, marketing, legali, amministratori di sistema) ovvero soggetti esterni (come fornitori di servizi tecnici terzi, corrieri postali, hosting provider, societ\u00e0 informatiche, agenzie di comunicazione) nominati anche, se necessario, Responsabili del Trattamento da parte del Titolare. L\u2019elenco aggiornato dei Responsabili potr\u00e0 sempre essere richiesto al Titolare del Trattamento.<\/p>\n<h4>Base giuridica del trattamento<\/h4>\n<p>Il Titolare tratta Dati Personali relativi all\u2019Utente in caso sussista una delle seguenti condizioni:<\/p>\n<ul>\n<li>l\u2019Utente ha prestato il consenso per una o pi\u00f9 finalit\u00e0 specifiche. Nota: in alcuni ordinamenti il Titolare pu\u00f2 essere autorizzato a trattare Dati Personali senza che debba sussistere il consenso dell\u2019Utente o un\u2019altra delle basi giuridiche specificate di seguito, fino a quando l\u2019Utente non si opponga (\u201copt-out\u201d) a tale trattamento. Ci\u00f2 non \u00e8 tuttavia applicabile qualora il trattamento di Dati Personali sia regolato dalla legislazione europea in materia di protezione dei Dati Personali.<\/li>\n<li>L&#8217;esecuzione di un contratto con l\u2019Utente e\/o all&#8217;esecuzione di misure precontrattuali.<\/li>\n<li>L&#8217;adempimento di un obbligo legale al quale \u00e8 soggetto il Titolare.<\/li>\n<li>L&#8217;esecuzione di un compito di interesse pubblico o l&#8217;esercizio di pubblici poteri di cui \u00e8 investito il Titolare.<\/li>\n<li>Il perseguimento del legittimo interesse del Titolare o di terzi.<\/li>\n<\/ul>\n<p>E\u2019 comunque sempre possibile richiedere al Titolare di chiarire la concreta base giuridica di ciascun trattamento. In particolare di specificare se il trattamento sia basato sulla legge, previsto da un contratto o necessario per concludere un contratto.<\/p>\n<h4>Luogo<\/h4>\n<p>I Dati sono trattati presso le sedi operative del Titolare ed in ogni altro luogo in cui le parti coinvolte nel trattamento siano localizzate. Per ulteriori informazioni, contatta il Titolare. I Dati Personali dell\u2019Utente potrebbero essere trasferiti in un paese diverso da quello in cui l\u2019Utente si trova. Per ottenere ulteriori informazioni sul luogo del trattamento l\u2019Utente pu\u00f2 fare riferimento alla sezione relativa ai dettagli sul trattamento dei Dati Personali.<\/p>\n<h4>Periodo di conservazione<\/h4>\n<p>I Dati sono trattati e conservati per il tempo richiesto dalle finalit\u00e0 per le quali sono stati raccolti. Pertanto:<\/p>\n<ul>\n<li>I Dati Personali raccolti per scopi collegati all\u2019esecuzione di un contratto tra il Titolare e l\u2019Utente saranno trattenuti sino a quando sia completata l\u2019esecuzione di tale contratto.<\/li>\n<li>I Dati Personali raccolti per finalit\u00e0 riconducibili all\u2019interesse legittimo del Titolare saranno trattenuti sino al soddisfacimento di tale interesse. L\u2019Utente pu\u00f2 ottenere ulteriori informazioni in merito all\u2019interesse legittimo perseguito dal Titolare nelle relative sezioni di questo documento o contattando il Titolare.<\/li>\n<\/ul>\n<p>Quando il trattamento \u00e8 basato sul consenso dell\u2019Utente, il Titolare pu\u00f2 conservare i Dati Personali pi\u00f9 a lungo sino a quando detto consenso non venga revocato. Inoltre il Titolare potrebbe essere obbligato a conservare i Dati Personali per un periodo pi\u00f9 lungo in ottemperanza ad un obbligo di legge o per ordine di un\u2019autorit\u00e0. Al termine del periodo di conservazioni i Dati Personali saranno cancellati. Pertanto, allo spirare di tale termine il diritto di accesso, cancellazione, rettificazione ed il diritto alla portabilit\u00e0 dei Dati non potranno pi\u00f9 essere esercitati.<\/p>\n<h2>Finalit\u00e0 del Trattamento dei Dati raccolti<\/h2>\n<p>I Dati dell\u2019Utente sono raccolti per consentire al Titolare di fornire i propri Servizi, cos\u00ec come per le seguenti finalit\u00e0: Statistica, Contattare l&#8217;Utente e Visualizzazione di contenuti da piattaforme esterne. Per ottenere ulteriori informazioni dettagliate sulle finalit\u00e0 del trattamento e sui Dati Personali concretamente rilevanti per ciascuna finalit\u00e0, l\u2019Utente pu\u00f2 fare riferimento alle relative sezioni di questo documento.<\/p>\n<h2>Dettagli sul trattamento dei Dati Personali<\/h2>\n<p>I Dati Personali sono raccolti per le seguenti finalit\u00e0 ed utilizzando i seguenti servizi:<\/p>\n<h4>Creazione e gestione di questa Applicazione<\/h4>\n<p>I principali componenti di questa Applicazione sono creati e gestiti direttamente dal Titolare, facendo uso dei software menzionati di seguito.<\/p>\n<h5>WordPress (self-hosted) (questa Applicazione)<\/h5>\n<p>Questa Applicazione \u00e8 sviluppata e gestita dal Titolare tramite un software CMS (Content Management System) chiamato WordPress.<\/p>\n<p>Dati Personali raccolti: Dati di utilizzo, nome, cognome, email, cellulare, nome azienda.<\/p>\n<h4>Contattare l&#8217;utente<\/h4>\n<h5>Modulo di contatto (questa Applicazione)<\/h5>\n<p>L\u2019Utente, compilando con i propri Dati il modulo di contatto, acconsente al loro utilizzo per rispondere alle richieste della natura indicata dall\u2019intestazione del modulo.<\/p>\n<p>Dati Personali raccolti: nome, email.<\/p>\n<h4>Visualizzazione di contenuti da piattaforme esterne<\/h4>\n<p>Questo tipo di servizi permette di visualizzare contenuti ospitati su piattaforme esterne direttamente dalle pagine di questa Applicazione e di interagire con essi. Nel caso in cui sia installato un servizio di questo tipo, \u00e8 possibile che, anche nel caso gli Utenti non utilizzino il servizio, lo stesso raccolga dati di traffico relativi alle pagine in cui \u00e8 installato.<\/p>\n<h5>Google Fonts (Google Ireland Limited)<\/h5>\n<div>\n<p>Google Fonts \u00e8 un servizio di visualizzazione di stili di carattere gestito da Google Ireland Limited che permette a questa Applicazione di integrare tali contenuti all\u2019interno delle proprie pagine.<\/p>\n<\/div>\n<p>Dati Personali&nbsp;<span style=\"font-family: Montserrat, sans-serif; font-size: 15px; font-style: normal; font-variant-ligatures: normal; font-variant-caps: normal; font-weight: 500;\">raccolti<\/span>: Dati di utilizzo; Strumenti di Tracciamento.<\/p>\n<p>Luogo del trattamento: Irlanda \u2013 <a href=\"https:\/\/business.safety.google\/privacy\/\" target=\"_blank\" rel=\"noopener noreferrer\">Privacy Policy<\/a>.<\/p>\n<h4>Protezione dallo SPAM<\/h4>\n<p>Questo tipo di servizi analizza il traffico di questa Applicazione, potenzialmente contenente Dati Personali degli Utenti, al fine di filtrarlo da parti di traffico, messaggi e contenuti riconosciuti come SPAM.<\/p>\n<h5>Akismet (Automattic Inc.)<\/h5>\n<p>Akismet \u00e8 un servizio di protezione dallo SPAM fornito da Automattic Inc.<\/p>\n<p>Dati Personali trattati: varie tipologie di Dati secondo quanto specificato dalla privacy policy del servizio. Luogo del trattamento: Stati Uniti \u2013 <a href=\"https:\/\/automattic.com\/privacy\/\" target=\"_blank\" rel=\"noopener noreferrer\">Privacy Policy<\/a>.<\/p>\n<h2>Diritti dell\u2019Utente<\/h2>\n<p>Gli Utenti possono esercitare determinati diritti con riferimento ai Dati trattati dal Titolare. In particolare, l\u2019Utente ha il diritto di:<\/p>\n<ul>\n<li><b>revocare il consenso in ogni momento.<\/b>&nbsp;L\u2019Utente pu\u00f2 revocare il consenso al trattamento dei propri Dati Personali precedentemente espresso.<\/li>\n<li><b>opporsi al trattamento dei propri Dati.<\/b>&nbsp;L\u2019Utente pu\u00f2 opporsi al trattamento dei propri Dati quando esso avviene su una base giuridica diversa dal consenso. Ulteriori dettagli sul diritto di opposizione sono indicati nella sezione sottostante.<\/li>\n<li><b>accedere ai propri Dati.<\/b>&nbsp;L\u2019Utente ha diritto ad ottenere informazioni sui Dati trattati dal Titolare, su determinati aspetti del trattamento ed a ricevere una copia dei Dati trattati.<\/li>\n<li><b>verificare e chiedere la rettificazione.<\/b>&nbsp;L\u2019Utente pu\u00f2 verificare la correttezza dei propri Dati e richiederne l\u2019aggiornamento o la correzione.<\/li>\n<li><b>ottenere la limitazione del trattamento.<\/b>&nbsp;Quando ricorrono determinate condizioni, l\u2019Utente pu\u00f2 richiedere la limitazione del trattamento dei propri Dati. In tal caso il Titolare non tratter\u00e0 i Dati per alcun altro scopo se non la loro conservazione.<\/li>\n<li><b>ottenere la cancellazione o rimozione dei propri Dati Personali.<\/b>&nbsp;Quando ricorrono determinate condizioni, l\u2019Utente pu\u00f2 richiedere la cancellazione dei propri Dati da parte del Titolare.<\/li>\n<li><b>ricevere i propri Dati o farli trasferire ad altro titolare.<\/b>&nbsp;L\u2019Utente ha diritto di ricevere i propri Dati in formato strutturato, di uso comune e leggibile da dispositivo automatico e, ove tecnicamente fattibile, di ottenerne il trasferimento senza ostacoli ad un altro titolare. Questa disposizione \u00e8 applicabile quando i Dati sono trattati con strumenti automatizzati ed il trattamento \u00e8 basato sul consenso dell\u2019Utente, su un contratto di cui l\u2019Utente \u00e8 parte o su misure contrattuali ad esso connesse.<\/li>\n<li><b>proporre reclamo.<\/b>&nbsp;L\u2019Utente pu\u00f2 proporre un reclamo all\u2019autorit\u00e0 di controllo della protezione dei dati personali competente o agire in sede giudiziale.<\/li>\n<\/ul>\n<h4>Dettagli sul diritto di opposizione<\/h4>\n<p>Quando i Dati Personali sono trattati nell\u2019interesse pubblico, nell\u2019esercizio di pubblici poteri di cui \u00e8 investito il Titolare oppure per perseguire un interesse legittimo del Titolare, gli Utenti hanno diritto ad opporsi al trattamento per motivi connessi alla loro situazione particolare. Si fa presente agli Utenti che, ove i loro Dati fossero trattati con finalit\u00e0 di marketing diretto, possono opporsi al trattamento senza fornire alcuna motivazione. Per scoprire se il Titolare tratti dati con finalit\u00e0 di marketing diretto gli Utenti possono fare riferimento alle rispettive sezioni di questo documento.<\/p>\n<h4>Come esercitare i diritti<\/h4>\n<p>Per esercitare i diritti dell\u2019Utente, gli Utenti possono indirizzare una richiesta agli estremi di contatto del Titolare indicati in questo documento. Le richieste sono depositate a titolo gratuito e evase dal Titolare nel pi\u00f9 breve tempo possibile.<\/p>\n<h2>Ulteriori informazioni sul trattamento<\/h2>\n<h4>Difesa in giudizio<\/h4>\n<p>I Dati Personali dell\u2019Utente possono essere utilizzati da parte del Titolare in giudizio o nelle fasi preparatorie alla sua eventuale instaurazione per la difesa da abusi nell&#8217;utilizzo di questa Applicazione o dei Servizi connessi da parte dell\u2019Utente. L\u2019Utente dichiara di essere consapevole che il Titolare potrebbe essere obbligato a rivelare i Dati per ordine delle autorit\u00e0 pubbliche.<\/p>\n<h4>Informative specifiche<\/h4>\n<p>Su richiesta dell\u2019Utente, in aggiunta alle informazioni contenute in questa privacy policy, questa Applicazione potrebbe fornire all&#8217;Utente delle informative aggiuntive e contestuali riguardanti Servizi specifici, o la raccolta ed il trattamento di Dati Personali.<\/p>\n<h4>Log di sistema e manutenzione<\/h4>\n<p>Per necessit\u00e0 legate al funzionamento ed alla manutenzione, questa Applicazione e gli eventuali servizi terzi da essa utilizzati potrebbero raccogliere log di sistema, ossia file che registrano le interazioni e che possono contenere anche Dati Personali, quali l\u2019indirizzo IP Utente.<\/p>\n<h4>Informazioni non contenute in questa policy<\/h4>\n<p>Ulteriori informazioni in relazione al trattamento dei Dati Personali potranno essere richieste in qualsiasi momento al Titolare del Trattamento utilizzando gli estremi di contatto.<\/p>\n<h4>Risposta alle richieste &#8220;Do Not Track&#8221;<\/h4>\n<p>Questa Applicazione non supporta le richieste \u201cDo Not Track\u201d. Per scoprire se gli eventuali servizi di terze parti utilizzati le supportino, l&#8217;Utente \u00e8 invitato a consultare le rispettive privacy policy.<\/p>\n<h4>Modifiche a questa privacy policy<\/h4>\n<p>Il Titolare del Trattamento si riserva il diritto di apportare modifiche alla presente privacy policy in qualunque momento dandone informazione agli Utenti su questa pagina. Si prega dunque di consultare regolarmente questa pagina, facendo riferimento alla data di ultima modifica indicata in fondo. Qualora le modifiche interessino trattamenti la cui base giuridica \u00e8 il consenso, il Titolare provveder\u00e0 a raccogliere nuovamente il consenso dell\u2019Utente, se necessario.<\/p>\n<p>Ultima modifica: 18 giugno 2025<\/p>","protected":false},"excerpt":{"rendered":"<p>Titolare del Trattamento dei Dati Gigraf &#8211; Via Fraccaroli 5, 20134 Milano (Italia)&nbsp;Indirizzo email del Titolare: info@gelmini.it Tipologie di Dati raccolti Fra i Dati Personali raccolti da questa Applicazione, in modo autonomo o tramite terze parti, ci sono: Cookie, Dati di utilizzo, nome, email. Dettagli completi su ciascuna tipologia di dati raccolti sono forniti nelle sezioni dedicate di questa privacy policy. Trattamento I Dati Personali possono essere liberamente forniti dall&#8217;Utente o raccolti automaticamente durante l&#8217;uso di questa Applicazione, nel caso di Dati di Utilizzo. Se non diversamente specificato, tutti i Dati richiesti da questa Applicazione sono obbligatori. Se l\u2019Utente rifiuta di comunicarli, potrebbe essere impossibile per questa Applicazione fornire il Servizio. Gli Utenti sono liberi di astenersi dal comunicare Dati facoltativi, senza che ci\u00f2 abbia alcuna conseguenza sulla disponibilit\u00e0 del Servizio o sulla sua operativit\u00e0. L\u2019utilizzo di Cookie da parte di questa Applicazione ha la finalit\u00e0 di fornire il Servizio richiesto dall&#8217;Utente, come descritto nella Cookie Policy. L&#8217;Utente si assume la responsabilit\u00e0 dei Dati Personali di terzi ottenuti, pubblicati o condivisi mediante questa Applicazione e garantisce di avere il diritto di comunicarli o diffonderli, liberando il Titolare da qualsiasi responsabilit\u00e0 verso terzi. Modalit\u00e0 e luogo del trattamento dei Dati raccolti Modalit\u00e0 di trattamento Il Titolare adotta le opportune misure di sicurezza volte ad impedire l\u2019accesso, la divulgazione, la modifica o la distruzione non autorizzate dei Dati Personali. Il trattamento viene effettuato mediante strumenti informatici e\/o telematici, con modalit\u00e0 organizzative e con logiche strettamente correlate alle finalit\u00e0 indicate. Oltre al Titolare, in alcuni casi, potrebbero avere accesso ai Dati altri soggetti coinvolti nell\u2019organizzazione di questa Applicazione (personale amministrativo, commerciale, marketing, legali, amministratori di sistema) ovvero soggetti esterni (come fornitori di servizi tecnici terzi, corrieri postali, hosting provider, societ\u00e0 informatiche, agenzie di comunicazione) nominati anche, se necessario, Responsabili del Trattamento da parte del Titolare. L\u2019elenco aggiornato dei Responsabili potr\u00e0 sempre essere richiesto al Titolare del Trattamento. Base giuridica del trattamento Il Titolare tratta Dati Personali relativi all\u2019Utente in caso sussista una delle seguenti condizioni: l\u2019Utente ha prestato il consenso per una o pi\u00f9 finalit\u00e0 specifiche. Nota: in alcuni ordinamenti il Titolare pu\u00f2 essere autorizzato a trattare Dati Personali senza che debba sussistere il consenso dell\u2019Utente o un\u2019altra delle basi giuridiche specificate di seguito, fino a quando l\u2019Utente non si opponga (\u201copt-out\u201d) a tale trattamento. Ci\u00f2 non \u00e8 tuttavia applicabile qualora il trattamento di Dati Personali sia regolato dalla legislazione europea in materia di protezione dei Dati Personali. L&#8217;esecuzione di un contratto con l\u2019Utente e\/o all&#8217;esecuzione di misure precontrattuali. L&#8217;adempimento di un obbligo legale al quale \u00e8 soggetto il Titolare. L&#8217;esecuzione di un compito di interesse pubblico o l&#8217;esercizio di pubblici poteri di cui \u00e8 investito il Titolare. Il perseguimento del legittimo interesse del Titolare o di terzi. E\u2019 comunque sempre possibile richiedere al Titolare di chiarire la concreta base giuridica di ciascun trattamento. In particolare di specificare se il trattamento sia basato sulla legge, previsto da un contratto o necessario per concludere un contratto. Luogo I Dati sono trattati presso le sedi operative del Titolare ed in ogni altro luogo in cui le parti coinvolte nel trattamento siano localizzate. Per ulteriori informazioni, contatta il Titolare. I Dati Personali dell\u2019Utente potrebbero essere trasferiti in un paese diverso da quello in cui l\u2019Utente si trova. Per ottenere ulteriori informazioni sul luogo del trattamento l\u2019Utente pu\u00f2 fare riferimento alla sezione relativa ai dettagli sul trattamento dei Dati Personali. Periodo di conservazione I Dati sono trattati e conservati per il tempo richiesto dalle finalit\u00e0 per le quali sono stati raccolti. Pertanto: I Dati Personali raccolti per scopi collegati all\u2019esecuzione di un contratto tra il Titolare e l\u2019Utente saranno trattenuti sino a quando sia completata l\u2019esecuzione di tale contratto. I Dati Personali raccolti per finalit\u00e0 riconducibili all\u2019interesse legittimo del Titolare saranno trattenuti sino al soddisfacimento di tale interesse. L\u2019Utente pu\u00f2 ottenere ulteriori informazioni in merito all\u2019interesse legittimo perseguito dal Titolare nelle relative sezioni di questo documento o contattando il Titolare. Quando il trattamento \u00e8 basato sul consenso dell\u2019Utente, il Titolare pu\u00f2 conservare i Dati Personali pi\u00f9 a lungo sino a quando detto consenso non venga revocato. Inoltre il Titolare potrebbe essere obbligato a conservare i Dati Personali per un periodo pi\u00f9 lungo in ottemperanza ad un obbligo di legge o per ordine di un\u2019autorit\u00e0. Al termine del periodo di conservazioni i Dati Personali saranno cancellati. Pertanto, allo spirare di tale termine il diritto di accesso, cancellazione, rettificazione ed il diritto alla portabilit\u00e0 dei Dati non potranno pi\u00f9 essere esercitati. Finalit\u00e0 del Trattamento dei Dati raccolti I Dati dell\u2019Utente sono raccolti per consentire al Titolare di fornire i propri Servizi, cos\u00ec come per le seguenti finalit\u00e0: Statistica, Contattare l&#8217;Utente e Visualizzazione di contenuti da piattaforme esterne. Per ottenere ulteriori informazioni dettagliate sulle finalit\u00e0 del trattamento e sui Dati Personali concretamente rilevanti per ciascuna finalit\u00e0, l\u2019Utente pu\u00f2 fare riferimento alle relative sezioni di questo documento. Dettagli sul trattamento dei Dati Personali I Dati Personali sono raccolti per le seguenti finalit\u00e0 ed utilizzando i seguenti servizi: Creazione e gestione di questa Applicazione I principali componenti di questa Applicazione sono creati e gestiti direttamente dal Titolare, facendo uso dei software menzionati di seguito. WordPress (self-hosted) (questa Applicazione) Questa Applicazione \u00e8 sviluppata e gestita dal Titolare tramite un software CMS (Content Management System) chiamato WordPress. Dati Personali raccolti: Dati di utilizzo, nome, cognome, email, cellulare, nome azienda. Contattare l&#8217;utente Modulo di contatto (questa Applicazione) L\u2019Utente, compilando con i propri Dati il modulo di contatto, acconsente al loro utilizzo per rispondere alle richieste della natura indicata dall\u2019intestazione del modulo. Dati Personali raccolti: nome, email. Visualizzazione di contenuti da piattaforme esterne Questo tipo di servizi permette di visualizzare contenuti ospitati su piattaforme esterne direttamente dalle pagine di questa Applicazione e di interagire con essi. Nel caso in cui sia installato un servizio di questo tipo, \u00e8 possibile che, anche nel caso gli Utenti non utilizzino il servizio, lo stesso raccolga dati di traffico relativi alle pagine in cui \u00e8 installato. Google Fonts (Google Ireland Limited) Google Fonts \u00e8 un servizio di visualizzazione di<\/p>\n","protected":false},"author":16,"featured_media":0,"parent":0,"menu_order":0,"comment_status":"closed","ping_status":"closed","template":"","meta":{"footnotes":""},"class_list":["post-15081","page","type-page","status-publish","hentry"],"_links":{"self":[{"href":"https:\/\/www.albacio.it\/it\/wp-json\/wp\/v2\/pages\/15081","targetHints":{"allow":["GET"]}}],"collection":[{"href":"https:\/\/www.albacio.it\/it\/wp-json\/wp\/v2\/pages"}],"about":[{"href":"https:\/\/www.albacio.it\/it\/wp-json\/wp\/v2\/types\/page"}],"author":[{"embeddable":true,"href":"https:\/\/www.albacio.it\/it\/wp-json\/wp\/v2\/users\/16"}],"replies":[{"embeddable":true,"href":"https:\/\/www.albacio.it\/it\/wp-json\/wp\/v2\/comments?post=15081"}],"version-history":[{"count":0,"href":"https:\/\/www.albacio.it\/it\/wp-json\/wp\/v2\/pages\/15081\/revisions"}],"wp:attachment":[{"href":"https:\/\/www.albacio.it\/it\/wp-json\/wp\/v2\/media?parent=15081"}],"curies":[{"name":"wp","href":"https:\/\/api.w.org\/{rel}","templated":true}]}}