{"id":15083,"date":"2025-06-18T21:36:23","date_gmt":"2025-06-18T19:36:23","guid":{"rendered":"https:\/\/www.albacio.it\/?page_id=15083"},"modified":"2025-06-18T21:36:23","modified_gmt":"2025-06-18T19:36:23","slug":"termini-e-condizioni","status":"publish","type":"page","link":"https:\/\/www.albacio.it\/it\/termini-e-condizioni\/","title":{"rendered":"Termini e condizioni"},"content":{"rendered":"<p><\/p>\n<h2>Panoramica<\/h2>\n<p>Questo sito Web \u00e8 gestito da Gigraf. In tutto il sito, i termini &#8220;noi&#8221;, &#8220;ci&#8221; e &#8220;nostro&#8221; si riferiscono a Gigraf. Gigraf offre questo sito Web, incluse tutte le informazioni, gli strumenti e i servizi disponibili da questo sito all&#8217;utente, condizionato all&#8217;accettazione da parte dell&#8217;utente di tutti i termini, condizioni, politiche e comunicazioni qui indicati. Visitando il nostro sito, ti impegni nel nostro &#8220;Servizio&#8221; e accetti di essere vincolato dai seguenti termini e condizioni (&#8220;Termini di Servizio&#8221;, &#8220;Termini&#8221;), compresi i termini e le condizioni supplementari e le politiche di cui al presente documento e\/o disponibile tramite collegamento ipertestuale. I presenti Termini di Servizio si applicano a tutti gli utenti del sito, inclusi, senza limitazioni, browser, fornitori, clienti, commercianti e\/o contributori di contenuti. Leggere attentamente questi Termini di Servizio prima di accedere o utilizzare il nostro sito Web. Accedendo o utilizzando qualsiasi parte del sito, l&#8217;utente accetta di essere vincolato da questi Termini di Servizio. Se non si accettano tutti i termini e le condizioni del presente accordo, non \u00e8 possibile accedere al sito Web o utilizzare alcun servizio. Puoi rivedere la versione pi\u00f9 aggiornata dei Termini di Servizio in qualsiasi momento su questa pagina. Ci riserviamo il diritto di aggiornare, modificare o sostituire qualsiasi parte di questi Termini di Servizio pubblicando aggiornamenti e\/o modifiche al nostro sito web. \u00c8 tua responsabilit\u00e0 controllare periodicamente questa pagina per le modifiche. L&#8217;uso continuato o l&#8217;accesso al sito Web dopo la pubblicazione di qualsiasi modifica costituisce accettazione di tali modifiche.<\/p>\n<h2>Sezione 1 &#8211; Termini<\/h2>\n<p>Accettando questi Termini di Servizio, dichiari di avere almeno la maggiore et\u00e0 nel tuo stato o provincia di residenza, o di avere la maggiore et\u00e0 nel tuo stato o provincia di residenza e ci hai dato il tuo consenso a consentire a tutti i minori a tuo carico di utilizzare questo sito. L&#8217;utente non pu\u00f2, nell&#8217;uso del Servizio, violare le leggi della propria giurisdizione (incluse, a titolo esemplificativo ma non esaustivo, le leggi sul copyright). Una violazione di uno dei Termini comporta la cessazione immediata dei Servizi.<\/p>\n<h2>Sezione 2 &#8211; Condizioni generali<\/h2>\n<p>Ci riserviamo il diritto di rifiutare il servizio a chiunque, per qualsiasi motivo, in qualsiasi momento. Comprendi che i tuoi contenuti (non compresi i dati della carta di credito), possono essere trasferiti in chiaro e implicano (a) trasmissioni su varie reti; e (b) modifiche per conformarsi e adattarsi ai requisiti tecnici delle reti o dei dispositivi di collegamento. Accetti di non riprodurre, duplicare, copiare, vendere, rivendere o sfruttare alcuna parte del Servizio, l&#8217;uso del Servizio, o l&#8217;accesso al Servizio o qualsiasi contatto sul sito web attraverso il quale il servizio \u00e8 fornito, senza espressa autorizzazione scritta da parte nostra. I titoli utilizzati nel presente accordo sono inclusi solo per comodit\u00e0 e non limiteranno o influenzeranno in alcun modo i presenti Termini.<\/p>\n<h2>Sezione 3 &#8211; Precisione, completezza e tempestivit\u00e0 delle informazioni<\/h2>\n<p>Non siamo responsabili se le informazioni rese disponibili su questo sito non sono accurate, complete o attuali. Il materiale su questo sito \u00e8 fornito solo per informazione generale e non dovrebbe essere invocato o utilizzato come unica base per prendere decisioni senza consultare fonti di informazione primarie, pi\u00f9 accurate, pi\u00f9 complete o pi\u00f9 tempestive. Qualsiasi affidamento sul materiale in questo sito \u00e8 a tuo rischio. Questo sito pu\u00f2 contenere determinate informazioni storiche. Le informazioni storiche, necessariamente, non sono aggiornate e vengono fornite solo come riferimento. Ci riserviamo il diritto di modificare i contenuti di questo sito in qualsiasi momento, ma non abbiamo l&#8217;obbligo di aggiornare alcuna informazione sul nostro sito. Accetti che \u00e8 tua responsabilit\u00e0 monitorare le modifiche al nostro sito.<\/p>\n<h2>Sezione 4 &#8211; Strumenti opzionali<\/h2>\n<p>Potremmo fornirti l&#8217;accesso a strumenti di terze parti sui quali non controlliamo n\u00e9 abbiamo alcun controllo o input. Riconosci e accetti che forniamo l&#8217;accesso a tali strumenti &#8220;cos\u00ec come sono&#8221; e &#8220;come disponibili&#8221; senza garanzie, dichiarazioni o condizioni di alcun tipo e senza alcuna approvazione. Non avremo alcuna responsabilit\u00e0 derivante da o relativa al tuo utilizzo di strumenti di terze parti opzionali. Qualsiasi utilizzo da parte dell&#8217;utente degli strumenti opzionali offerti attraverso il sito \u00e8 interamente a proprio rischio e discrezione e si dovrebbe garantire di conoscere e approvare i termini su quali strumenti sono forniti dai relativi fornitori di terze parti. Potremmo anche, in futuro, offrire nuovi servizi e\/o funzionalit\u00e0 attraverso il sito web (incluso il rilascio di nuovi strumenti e risorse). Tali nuove funzionalit\u00e0 e\/o servizi saranno inoltre soggetti ai presenti Termini di Servizio.<\/p>\n<h2>Sezione 5 &#8211; Link di terze parti<\/h2>\n<p>Alcuni contenuti e servizi disponibili tramite il nostro Servizio possono includere materiali di terze parti. I link di terze parti su questo sito possono indirizzarti a siti Web di terze parti che non sono affiliati con noi. Non siamo responsabili per l&#8217;esame o la valutazione del contenuto o della precisione e non garantiamo e non avremo alcuna responsabilit\u00e0 per materiali o siti Web di terzi o per altri materiali o servizi di terze parti. Non siamo responsabili di alcun danno relativo all&#8217;acquisto o all&#8217;utilizzo di beni, servizi, risorse, contenuti o qualsiasi altra transazione effettuata in relazione a siti Web di terze parti. Rivedi attentamente le politiche e le pratiche di terze parti e assicurati di averle comprese prima di intraprendere qualsiasi transazione. Reclami, dubbi o domande relative a prodotti di terzi devono essere indirizzati a terze parti.<\/p>\n<h2>Sezione 6 &#8211; Commenti dell&#8217;Utente, feedback e altri invii<\/h2>\n<p>Se, su nostra richiesta, invii determinati invii specifici (ad esempio voci di concorso) o, senza una nostra richiesta, invii idee creative, suggerimenti, proposte, piani o altro materiale, sia online, per e-mail, per posta o in altro modo (collettivamente, &#8220;commenti&#8221;), l&#8217;utente accetta che possiamo, in qualsiasi momento, senza limitazioni, modificare, copiare, pubblicare, distribuire, tradurre e altrimenti utilizzare in qualsiasi supporto i commenti che ci inoltrate. Siamo e saremo senza alcun obbligo (1) di mantenere alcun commento in confidenza; (2) di pagare un risarcimento per eventuali commenti; o (3) di rispondere a qualsiasi commento. Potremmo, ma non abbiamo alcun obbligo, di monitorare, modificare o rimuovere contenuti che determiniamo a nostra esclusiva discrezione illeciti, offensivi, minacciosi, calunniosi, diffamatori, pornografici, osceni o altrimenti discutibili o che violino la propriet\u00e0 intellettuale di qualsiasi parte o questi Termini di Servizio. Accetti che i tuoi commenti non violino alcun diritto di terze parti, inclusi copyright, marchio, privacy, personalit\u00e0 o altri diritti personali o proprietari. Accetti inoltre che i tuoi commenti non contengano materiale diffamatorio o altrimenti illegale, offensivo o osceno, o contengano virus informatici o altri malware che potrebbero in qualche modo influenzare il funzionamento del Servizio o di qualsiasi sito Web correlato. Non \u00e8 possibile utilizzare un falso indirizzo e-mail, fingere di essere qualcuno diverso da te o altrimenti indurre in errore noi o terze parti circa l&#8217;origine di eventuali commenti. Sei l&#8217;unico responsabile per i commenti che fai e la loro accuratezza. Non ci assumiamo alcuna responsabilit\u00e0 per eventuali commenti pubblicati dall&#8217;utente o da terze parti.<\/p>\n<h2>Sezione 7 &#8211; Informazioni personali<\/h2>\n<p>L&#8217;invio di informazioni personali \u00e8 regolato dalla nostra Informativa sulla privacy. <span style=\"text-decoration: underline;\"><a href=\"https:\/\/gigraf.it\/privacy-policy\/\" target=\"blank\">Qui puoi visualizzare la nostra Privacy Policy<\/a><\/span>.<\/p>\n<h2>Sezione 8 &#8211; Errori, inesattezze e omissioni<\/h2>\n<p>Non ci assumiamo alcun obbligo di aggiornare, modificare o chiarire le informazioni nel Servizio o su qualsiasi sito Web correlato, ad eccezione di quanto richiesto dalla legge. Nessun aggiornamento specifico o data di aggiornamento applicata nel Servizio o su qualsiasi sito Web correlato, dovrebbe essere presa per indicare che tutte le informazioni nel Servizio o su qualsiasi sito Web correlato sono state modificate o aggiornate.<\/p>\n<h2>Sezione 9 &#8211; Usi proibiti<\/h2>\n<p>Oltre agli altri divieti stabiliti nei Termini di Servizio, \u00e8 vietato l&#8217;uso del sito o del suo contenuto: (a) per scopi illeciti; (b) per sollecitare altri a compiere o partecipare a atti illeciti; (c) per violare regolamenti, regole, leggi o ordinanze locali internazionali, federali, provinciali o statali; (d) per violare i nostri diritti di propriet\u00e0 intellettuale o i diritti di propriet\u00e0 intellettuale di terzi; (e) per molestare, abusare, insultare, danneggiare, diffamare, denigrare, intimidire o discriminare in base al genere, all&#8217;orientamento sessuale, alla religione, all&#8217;etnia, alla razza, all&#8217;et\u00e0, all&#8217;origine nazionale o alla disabilit\u00e0; (f) per fornire informazioni false o fuorvianti; (g) per caricare o trasmettere virus o qualsiasi altro tipo di codice dannoso che possa essere utilizzato in qualsiasi modo che possa influenzare la funzionalit\u00e0 o il funzionamento del Servizio o di qualsiasi sito Web correlato, altri siti Web o Internet; (h) per raccogliere o tracciare le informazioni personali di terzi; (i) per spam, phish, pharm, pretesto, spider, crawl o scrap; (j) per qualsiasi scopo osceno o immorale; o (k) per interferire con o eludere le funzionalit\u00e0 di sicurezza del Servizio o qualsiasi sito Web correlato, altri siti Web o Internet. Ci riserviamo il diritto di interrompere il tuo utilizzo del Servizio o di qualsiasi sito Web correlato per violare uno degli usi proibiti.<\/p>\n<h2>Sezione 10 &#8211; Esclusione di garanzie; limitazione di responsabilit\u00e0<\/h2>\n<p>Non garantiamo o dichiariamo che l&#8217;utilizzo del nostro servizio sar\u00e0 ininterrotto, tempestivo, sicuro o privo di errori. Non garantiamo che i risultati che possono essere ottenuti dall&#8217;uso del servizio saranno accurati o affidabili. Accetti che, di volta in volta, possiamo rimuovere il servizio per periodi di tempo indefiniti o annullare il servizio in qualsiasi momento, senza preavviso. L&#8217;utente accetta espressamente che l&#8217;utilizzo o l&#8217;impossibilit\u00e0 di utilizzare il servizio \u00e8 a proprio rischio. Il servizio e tutti i servizi forniti all&#8217;utente tramite il servizio sono (salvo quanto espressamente dichiarato da noi) forniti &#8220;come sono&#8221; e &#8220;come disponibili&#8221; per l&#8217;uso dell&#8217;utente, senza alcuna dichiarazione, garanzia o condizione di alcun tipo, espressa o implicita, comprese tutte le garanzie implicite o condizioni di commerciabilit\u00e0, qualit\u00e0 commerciabile, idoneit\u00e0 per uno scopo particolare, durata, titolo e non violazione. In nessun caso Gigraf, i nostri amministratori, funzionari, dipendenti, affiliati, agenti, appaltatori, stagisti, fornitori, fornitori di servizi o licenzianti possono essere ritenuti responsabili per qualsiasi danno, perdita, reclamo o qualsiasi diretta, indiretta, danni incidentali, punitivi, speciali o consequenziali di qualsiasi tipo, inclusi, senza limitazione, mancati profitti, mancati guadagni, risparmi persi, perdita di dati, costi di sostituzione o altri danni simili, sia che si tratti di contratto, illecito (inclusa negligenza), rigoroso responsabilit\u00e0 o altro, derivante dall&#8217;utilizzo di uno qualsiasi dei servizi, o per qualsiasi altra rivendicazione relativa in qualsiasi modo all&#8217;utilizzo del servizio, compresi, a titolo esemplificativo, eventuali errori o omissioni in qualsiasi contenuto, o qualsiasi perdita o danno di qualsiasi tipo sostenuti a seguito dell&#8217;uso del servizio o di qualsiasi contenuto pubblicato, trasmesso o reso altrimenti disponibile tramite il servizio, anche se consigliato della loro possibilit\u00e0. Poich\u00e9 alcuni stati o giurisdizioni non consentono l&#8217;esclusione o la limitazione di responsabilit\u00e0 per danni conseguenti o incidentali, in tali stati o giurisdizioni, la nostra responsabilit\u00e0 \u00e8 limitata alla massima estensione consentita dalla legge.<\/p>\n<h2>Sezione 11 &#8211; Indennizzo<\/h2>\n<p>Accetti di indennizzare, difendere e tenere indenne Gigraf e i nostri genitori, sussidiarie, affiliate, partner, funzionari, direttori, agenti, appaltatori, licenziatari, fornitori di servizi, subappaltatori, fornitori, stagisti e dipendenti, inoffensivi da qualsiasi reclamo o richiesta, comprese le spese legali ragionevoli, fatte da terze parti a causa o derivanti dalla violazione dei presenti Termini di Servizio o dei documenti che incorporano come riferimento, o la violazione di qualsiasi legge o dei diritti di una terza parte.<\/p>\n<h2>Sezione 12 &#8211; Separabilit\u00e0<\/h2>\n<p>Nel caso in cui qualsiasi disposizione dei presenti Termini di servizio sia ritenuta illegale, nulla o inapplicabile, tale disposizione sar\u00e0 comunque applicabile nella misura massima consentita dalla legge applicabile, e la parte inapplicabile sar\u00e0 considerata come recisa dai presenti Termini di Servizio, tale determinazione non pregiudica la validit\u00e0 e l&#8217;applicabilit\u00e0 di altre disposizioni rimanenti.<\/p>\n<h2>Sezione 13 &#8211; Termine<\/h2>\n<p>Gli obblighi e le responsabilit\u00e0 delle parti sostenute prima della data di scadenza sopravvivono alla risoluzione del presente accordo a tutti gli effetti. I presenti Termini di servizio sono efficaci a meno che e fino alla risoluzione da parte nostra o di noi. \u00c8 possibile risolvere i presenti Termini di servizio in qualsiasi momento informandoci che non si desidera pi\u00f9 utilizzare i nostri Servizi o quando si interrompe l&#8217;utilizzo del nostro sito. Se a nostro insindacabile giudizio fallisci, o sospettiamo che tu abbia fallito, di rispettare qualsiasi termine o disposizione dei presenti Termini di servizio, potremmo anche rescindere il presente accordo in qualsiasi momento senza preavviso e rimarrai responsabile per tutte le somme dovute fino alla data di cessazione e\/o di conseguenza pu\u00f2 essere negare l&#8217;accesso ai nostri Servizi (o parte di essi).<\/p>\n<h2>Sezione 14 &#8211; Intero accordo<\/h2>\n<p>L&#8217;incapacit\u00e0 di esercitare o far valere qualsiasi diritto o disposizione di questi Termini di servizio non costituisce una rinuncia a tale diritto o disposizione. I presenti Termini di servizio e le eventuali politiche o regole operative pubblicate da noi su questo sito o in relazione al Servizio costituiscono l&#8217;intero accordo e intesa tra l&#8217;utente e noi e disciplinano l&#8217;utilizzo del Servizio, sostituendo qualsiasi accordo, comunicazione e proposta precedente o contemporanea, sia orale che scritto, tra te e noi (incluse, ma non limitate a, eventuali versioni precedenti dei Termini di servizio). Eventuali ambiguit\u00e0 nell&#8217;interpretazione di questi Termini di servizio non devono essere interpretate contro la parte redazionale.<\/p>\n<h2>Sezione 15 &#8211; Legge governativa<\/h2>\n<p>I presenti Termini di servizio e gli eventuali accordi separati in base ai quali forniamo i Servizi sono regolati e interpretati in conformit\u00e0 con le leggi italiane.<\/p>\n<h2>Sezione 16- Modifiche ai Termini di servizio<\/h2>\n<p>\u00c8 possibile rivedere la versione pi\u00f9 recente dei Termini di servizio in qualsiasi momento su questa pagina. Ci riserviamo il diritto, a nostra esclusiva discrezione, di aggiornare, modificare o sostituire qualsiasi parte di questi Termini di servizio pubblicando aggiornamenti e modifiche al nostro sito web. \u00c8 responsabilit\u00e0 dell&#8217;utente controllare periodicamente il nostro sito Web per eventuali modifiche. L&#8217;uso continuato o l&#8217;accesso al nostro sito Web o al Servizio in seguito alla pubblicazione di eventuali modifiche ai presenti Termini di servizio costituisce accettazione di tali modifiche. Domande riguardanti i Termini di Servizio possono essere inviate all&#8217;indirizzo sales@gigraf.it.<\/p>\n<p>Ultima modifica: 18 giugno 2025<\/p>","protected":false},"excerpt":{"rendered":"<p>Panoramica Questo sito Web \u00e8 gestito da Gigraf. In tutto il sito, i termini &#8220;noi&#8221;, &#8220;ci&#8221; e &#8220;nostro&#8221; si riferiscono a Gigraf. Gigraf offre questo sito Web, incluse tutte le informazioni, gli strumenti e i servizi disponibili da questo sito all&#8217;utente, condizionato all&#8217;accettazione da parte dell&#8217;utente di tutti i termini, condizioni, politiche e comunicazioni qui indicati. Visitando il nostro sito, ti impegni nel nostro &#8220;Servizio&#8221; e accetti di essere vincolato dai seguenti termini e condizioni (&#8220;Termini di Servizio&#8221;, &#8220;Termini&#8221;), compresi i termini e le condizioni supplementari e le politiche di cui al presente documento e\/o disponibile tramite collegamento ipertestuale. I presenti Termini di Servizio si applicano a tutti gli utenti del sito, inclusi, senza limitazioni, browser, fornitori, clienti, commercianti e\/o contributori di contenuti. Leggere attentamente questi Termini di Servizio prima di accedere o utilizzare il nostro sito Web. Accedendo o utilizzando qualsiasi parte del sito, l&#8217;utente accetta di essere vincolato da questi Termini di Servizio. Se non si accettano tutti i termini e le condizioni del presente accordo, non \u00e8 possibile accedere al sito Web o utilizzare alcun servizio. Puoi rivedere la versione pi\u00f9 aggiornata dei Termini di Servizio in qualsiasi momento su questa pagina. Ci riserviamo il diritto di aggiornare, modificare o sostituire qualsiasi parte di questi Termini di Servizio pubblicando aggiornamenti e\/o modifiche al nostro sito web. \u00c8 tua responsabilit\u00e0 controllare periodicamente questa pagina per le modifiche. L&#8217;uso continuato o l&#8217;accesso al sito Web dopo la pubblicazione di qualsiasi modifica costituisce accettazione di tali modifiche. Sezione 1 &#8211; Termini Accettando questi Termini di Servizio, dichiari di avere almeno la maggiore et\u00e0 nel tuo stato o provincia di residenza, o di avere la maggiore et\u00e0 nel tuo stato o provincia di residenza e ci hai dato il tuo consenso a consentire a tutti i minori a tuo carico di utilizzare questo sito. L&#8217;utente non pu\u00f2, nell&#8217;uso del Servizio, violare le leggi della propria giurisdizione (incluse, a titolo esemplificativo ma non esaustivo, le leggi sul copyright). Una violazione di uno dei Termini comporta la cessazione immediata dei Servizi. Sezione 2 &#8211; Condizioni generali Ci riserviamo il diritto di rifiutare il servizio a chiunque, per qualsiasi motivo, in qualsiasi momento. Comprendi che i tuoi contenuti (non compresi i dati della carta di credito), possono essere trasferiti in chiaro e implicano (a) trasmissioni su varie reti; e (b) modifiche per conformarsi e adattarsi ai requisiti tecnici delle reti o dei dispositivi di collegamento. Accetti di non riprodurre, duplicare, copiare, vendere, rivendere o sfruttare alcuna parte del Servizio, l&#8217;uso del Servizio, o l&#8217;accesso al Servizio o qualsiasi contatto sul sito web attraverso il quale il servizio \u00e8 fornito, senza espressa autorizzazione scritta da parte nostra. I titoli utilizzati nel presente accordo sono inclusi solo per comodit\u00e0 e non limiteranno o influenzeranno in alcun modo i presenti Termini. Sezione 3 &#8211; Precisione, completezza e tempestivit\u00e0 delle informazioni Non siamo responsabili se le informazioni rese disponibili su questo sito non sono accurate, complete o attuali. Il materiale su questo sito \u00e8 fornito solo per informazione generale e non dovrebbe essere invocato o utilizzato come unica base per prendere decisioni senza consultare fonti di informazione primarie, pi\u00f9 accurate, pi\u00f9 complete o pi\u00f9 tempestive. Qualsiasi affidamento sul materiale in questo sito \u00e8 a tuo rischio. Questo sito pu\u00f2 contenere determinate informazioni storiche. Le informazioni storiche, necessariamente, non sono aggiornate e vengono fornite solo come riferimento. Ci riserviamo il diritto di modificare i contenuti di questo sito in qualsiasi momento, ma non abbiamo l&#8217;obbligo di aggiornare alcuna informazione sul nostro sito. Accetti che \u00e8 tua responsabilit\u00e0 monitorare le modifiche al nostro sito. Sezione 4 &#8211; Strumenti opzionali Potremmo fornirti l&#8217;accesso a strumenti di terze parti sui quali non controlliamo n\u00e9 abbiamo alcun controllo o input. Riconosci e accetti che forniamo l&#8217;accesso a tali strumenti &#8220;cos\u00ec come sono&#8221; e &#8220;come disponibili&#8221; senza garanzie, dichiarazioni o condizioni di alcun tipo e senza alcuna approvazione. Non avremo alcuna responsabilit\u00e0 derivante da o relativa al tuo utilizzo di strumenti di terze parti opzionali. Qualsiasi utilizzo da parte dell&#8217;utente degli strumenti opzionali offerti attraverso il sito \u00e8 interamente a proprio rischio e discrezione e si dovrebbe garantire di conoscere e approvare i termini su quali strumenti sono forniti dai relativi fornitori di terze parti. Potremmo anche, in futuro, offrire nuovi servizi e\/o funzionalit\u00e0 attraverso il sito web (incluso il rilascio di nuovi strumenti e risorse). Tali nuove funzionalit\u00e0 e\/o servizi saranno inoltre soggetti ai presenti Termini di Servizio. Sezione 5 &#8211; Link di terze parti Alcuni contenuti e servizi disponibili tramite il nostro Servizio possono includere materiali di terze parti. I link di terze parti su questo sito possono indirizzarti a siti Web di terze parti che non sono affiliati con noi. Non siamo responsabili per l&#8217;esame o la valutazione del contenuto o della precisione e non garantiamo e non avremo alcuna responsabilit\u00e0 per materiali o siti Web di terzi o per altri materiali o servizi di terze parti. Non siamo responsabili di alcun danno relativo all&#8217;acquisto o all&#8217;utilizzo di beni, servizi, risorse, contenuti o qualsiasi altra transazione effettuata in relazione a siti Web di terze parti. Rivedi attentamente le politiche e le pratiche di terze parti e assicurati di averle comprese prima di intraprendere qualsiasi transazione. Reclami, dubbi o domande relative a prodotti di terzi devono essere indirizzati a terze parti. Sezione 6 &#8211; Commenti dell&#8217;Utente, feedback e altri invii Se, su nostra richiesta, invii determinati invii specifici (ad esempio voci di concorso) o, senza una nostra richiesta, invii idee creative, suggerimenti, proposte, piani o altro materiale, sia online, per e-mail, per posta o in altro modo (collettivamente, &#8220;commenti&#8221;), l&#8217;utente accetta che possiamo, in qualsiasi momento, senza limitazioni, modificare, copiare, pubblicare, distribuire, tradurre e altrimenti utilizzare in qualsiasi supporto i commenti che ci inoltrate. Siamo e saremo senza alcun obbligo (1) di mantenere alcun commento in confidenza; (2) di pagare un risarcimento per eventuali commenti; o (3) di rispondere a qualsiasi commento. Potremmo, ma non abbiamo alcun obbligo, di monitorare, modificare o rimuovere contenuti che determiniamo a nostra esclusiva discrezione illeciti,<\/p>\n","protected":false},"author":16,"featured_media":0,"parent":0,"menu_order":0,"comment_status":"closed","ping_status":"closed","template":"","meta":{"footnotes":""},"class_list":["post-15083","page","type-page","status-publish","hentry"],"_links":{"self":[{"href":"https:\/\/www.albacio.it\/it\/wp-json\/wp\/v2\/pages\/15083","targetHints":{"allow":["GET"]}}],"collection":[{"href":"https:\/\/www.albacio.it\/it\/wp-json\/wp\/v2\/pages"}],"about":[{"href":"https:\/\/www.albacio.it\/it\/wp-json\/wp\/v2\/types\/page"}],"author":[{"embeddable":true,"href":"https:\/\/www.albacio.it\/it\/wp-json\/wp\/v2\/users\/16"}],"replies":[{"embeddable":true,"href":"https:\/\/www.albacio.it\/it\/wp-json\/wp\/v2\/comments?post=15083"}],"version-history":[{"count":0,"href":"https:\/\/www.albacio.it\/it\/wp-json\/wp\/v2\/pages\/15083\/revisions"}],"wp:attachment":[{"href":"https:\/\/www.albacio.it\/it\/wp-json\/wp\/v2\/media?parent=15083"}],"curies":[{"name":"wp","href":"https:\/\/api.w.org\/{rel}","templated":true}]}}